{"id":1349,"date":"2026-03-26T14:50:09","date_gmt":"2026-03-26T14:50:09","guid":{"rendered":"https:\/\/dev.fiskekrogen.se\/chambre-separee\/"},"modified":"2026-04-15T06:12:10","modified_gmt":"2026-04-15T06:12:10","slug":"chambre-separee","status":"publish","type":"page","link":"https:\/\/fiskekrogen.se\/en\/chambre-separee\/","title":{"rendered":"Chambre s\u00e8par\u00e9e"},"content":{"rendered":"\n<section class=\"fk-konferens-header\">\n    <div class=\"fk-konferens-header-inner\">\n      <p class=\"fk-eyebrow\">Exclusive Rooms<\/p>\n      <h1 class=\"fk-konferens-header-title\">Chambre s\u00e8par\u00e9e<\/h1>\n      <p class=\"fk-konferens-header-lead\">\nFiskekrogen\u2019s chambre s\u00e9par\u00e9e offers private dining rooms in central Gothenburg \u2013 perfect for corporate dinners, private celebrations, and exclusive gatherings. The rooms are located in the restaurant\u2019s historic premises at Lilla Torget.<br\/><br\/>We offer tailored food and beverage packages for all bookings. Contact us for more information or fill in the booking request form and we will get back to you shortly.\n      <\/p>\n    <\/div>\n    <nav class=\"fk-konferens-header-nav\">\n<a href=\"#boka\" class=\"fk-btn\">Booking request<\/a>\n    <\/nav>\n  <\/section>\n\n\n  <section class=\"fk-konferens-rum\">\n\n    <div class=\"fk-konferens-rum-head\">\n      <p class=\"fk-eyebrow\">Our rooms<\/p>\n      <h2 class=\"fk-h1\">Choose your room<\/h2>\n      <div class=\"fk-divider\"><\/div>\n    <\/div>\n\n    <div class=\"fk-konferens-rum-grid\">\n\n      <div class=\"fk-konferens-rum-card\">\n\n        <div class=\"fk-konferens-carousel chambree\" data-carousel=\"Bl\u00e5s\">\n          <div class=\"fk-konferens-carousel-track\">\n  <div class=\"fk-konferens-carousel-slide chambree\">\n    <img decoding=\"async\" src=\"https:\/\/fiskekrogen.se\/wp-content\/uploads\/2026\/03\/IMG_5420-2.webp\" alt=\"\"\/>\n  <\/div>\n\n<\/div>\n\n        <\/div>\n\n        <div class=\"fk-konferens-rum-info\">\n          <h3 class=\"fk-konferens-rum-name\">Bl\u00e5s<\/h3>\n          <p class=\"fk-konferens-rum-capacity\">Up to 28 guests<\/p>\n          <div class=\"fk-konferens-rum-divider\"><\/div>\n          <ul class=\"fk-konferens-rum-specs\">\n            <li>\u2013 Management team meeting<\/li>\n            <li>\u2013 Birthday dinner<\/li>\n            <li>\u2013 Private dinner<\/li>\n\n          <\/ul>\n          <p class=\"fk-konferens-rum-price\">Rent for premises 4000:-<\/p>\n        <\/div>\n\n      <\/div>\n\n      <div class=\"fk-konferens-rum-card\">\n\n        <div class=\"fk-konferens-carousel chambree\" data-carousel=\"kajutan\">\n          <div class=\"fk-konferens-carousel-track\">\n  <div class=\"fk-konferens-carousel-slide chambree\">\n    <img decoding=\"async\" src=\"https:\/\/fiskekrogen.se\/wp-content\/uploads\/2026\/03\/Kajutan_ret.jpg\" alt=\"\"\/>\n  <\/div>\n\n<\/div>\n\n        <\/div>\n\n        <div class=\"fk-konferens-rum-info\">\n          <h3 class=\"fk-konferens-rum-name\">Kajutan<\/h3>\n          <p class=\"fk-konferens-rum-capacity\">Up to 55 guests<\/p>\n          <div class=\"fk-konferens-rum-divider\"><\/div>\n          <ul class=\"fk-konferens-rum-specs\">\n            <li>\u2013 Conference dinner<\/li>\n            <li>\u2013 Larger groups<\/li>\n            <li>\u2013 Projector<\/li>\n\n          <\/ul>\n          <p class=\"fk-konferens-rum-price\">Rent for premises 8000:-<\/p>\n        <\/div>\n\n      <\/div>\n\n    <\/div>\n  <\/section>\n\n  <section class=\"fk-konferens-form\" id=\"boka\">\n\n    <div class=\"fk-konferens-form-head\">\n      <p class=\"fk-eyebrow\">Contact us<\/p>\n      <h2 class=\"fk-h1\">Send your booking request<\/h2>\n      <div class=\"fk-divider\"><\/div>\n      <p>Fill in the form below and we will get back to you as soon as possible.<\/p>\n    <\/div>\n\n    <div class=\"fk-konferens-form-wrap\">\n      <style id=\"wpforms-css-vars-820\">\n\t\t\t\t#wpforms-820 {\n\t\t\t\t--wpforms-field-size-input-height: 43px;\n--wpforms-field-size-input-spacing: 15px;\n--wpforms-field-size-font-size: 16px;\n--wpforms-field-size-line-height: 19px;\n--wpforms-field-size-padding-h: 14px;\n--wpforms-field-size-checkbox-size: 16px;\n--wpforms-field-size-sublabel-spacing: 5px;\n--wpforms-field-size-icon-size: 1;\n--wpforms-label-size-font-size: 16px;\n--wpforms-label-size-line-height: 19px;\n--wpforms-label-size-sublabel-font-size: 14px;\n--wpforms-label-size-sublabel-line-height: 17px;\n--wpforms-button-size-font-size: 17px;\n--wpforms-button-size-height: 41px;\n--wpforms-button-size-padding-h: 15px;\n--wpforms-button-size-margin-top: 10px;\n--wpforms-container-shadow-size-box-shadow: none;\n\t\t\t}\n\t\t\t<\/style><div class=\"wpforms-container wpforms-container-full wpforms-render-modern\" id=\"wpforms-820\"><form id=\"wpforms-form-820\" class=\"wpforms-validate wpforms-form wpforms-ajax-form\" data-formid=\"820\" method=\"post\" enctype=\"multipart\/form-data\" action=\"\/en\/wp-json\/wp\/v2\/pages\/1349\" data-token=\"9e27bc327f327a60b0f844eed678251e\" data-token-time=\"1777570417\"><noscript class=\"wpforms-error-noscript\">Please enable JavaScript in your browser to complete this form.<\/noscript><div id=\"wpforms-error-noscript\" style=\"display: none;\">Please enable JavaScript in your browser to complete this form.<\/div><div class=\"wpforms-field-container\">\t\t<div id=\"wpforms-820-field_4-container\"\n\t\t\tclass=\"wpforms-field wpforms-field-text\"\n\t\t\tdata-field-type=\"text\"\n\t\t\tdata-field-id=\"4\"\n\t\t\t>\n\t\t\t<label class=\"wpforms-field-label\" for=\"wpforms-820-field_4\" >Namn praktisk \u00d6vrig<\/label>\n\t\t\t<input type=\"text\" id=\"wpforms-820-field_4\" class=\"wpforms-field-medium\" name=\"wpforms[fields][4]\" >\n\t\t<\/div>\n\t\t<div id=\"wpforms-820-field_1-container\" class=\"wpforms-field wpforms-field-name\" data-field-id=\"1\"><label class=\"wpforms-field-label wpforms-label-hide\" for=\"wpforms-820-field_1\" aria-hidden=\"false\">Namn <span class=\"wpforms-required-label\" aria-hidden=\"true\">*<\/span><\/label><input type=\"text\" id=\"wpforms-820-field_1\" class=\"wpforms-field-large wpforms-field-required\" name=\"wpforms[fields][1]\" placeholder=\"Namn\" aria-errormessage=\"wpforms-820-field_1-error\" required><\/div><div id=\"wpforms-820-field_2-container\" class=\"wpforms-field wpforms-field-email\" data-field-id=\"2\"><label class=\"wpforms-field-label wpforms-label-hide\" for=\"wpforms-820-field_2\" aria-hidden=\"false\">E-post <span class=\"wpforms-required-label\" aria-hidden=\"true\">*<\/span><\/label><input type=\"email\" id=\"wpforms-820-field_2\" class=\"wpforms-field-large wpforms-field-required\" name=\"wpforms[fields][2]\" placeholder=\"E-post\" spellcheck=\"false\" aria-errormessage=\"wpforms-820-field_2-error\" required><\/div><div id=\"wpforms-820-field_3-container\" class=\"wpforms-field wpforms-field-phone\" data-field-id=\"3\"><label class=\"wpforms-field-label wpforms-label-hide\" for=\"wpforms-820-field_3\" aria-hidden=\"false\">Telefon <span class=\"wpforms-required-label\" aria-hidden=\"true\">*<\/span><\/label><input type=\"tel\" id=\"wpforms-820-field_3\" class=\"wpforms-field-large wpforms-field-required wpforms-smart-phone-field\" data-rule-smart-phone-field=\"true\" name=\"wpforms[fields][3]\" placeholder=\"Telefon\" aria-label=\"Telefon\" aria-errormessage=\"wpforms-820-field_3-error\" required><\/div><div id=\"wpforms-820-field_5-container\" class=\"wpforms-field wpforms-field-date-time\" data-field-id=\"5\"><fieldset><legend class=\"wpforms-field-label wpforms-label-hide\" aria-hidden=\"false\">Datum\/tid <span class=\"wpforms-required-label\" aria-hidden=\"true\">*<\/span><\/legend><div class=\"wpforms-field-row wpforms-field-large\"><div class=\"wpforms-field-row-block wpforms-date-type-datepicker\"><div class=\"wpforms-datepicker-wrap\"><input type=\"text\" id=\"wpforms-820-field_5\" class=\"wpforms-field-date-time-date wpforms-datepicker wpforms-field-required\" data-date-format=\"d\/m\/Y\" data-disable-past-dates=\"1\" data-disable-todays-date=\"1\" data-input=\"true\" name=\"wpforms[fields][5][date]\" placeholder=\"Datum\" aria-errormessage=\"wpforms-820-field_5-error\" required><a title=\"Clear Date\" data-clear role=\"button\" tabindex=\"0\" class=\"wpforms-datepicker-clear\" aria-label=\"Clear Date\" style=\"display:none;\"><\/a><\/div><label for=\"wpforms-820-field_5\" class=\"wpforms-field-sublabel after wpforms-sublabel-hide\">Date<\/label><\/div><div class=\"wpforms-field-row-block\"><input type=\"text\" id=\"wpforms-820-field_5-time\" class=\"wpforms-field-date-time-time wpforms-timepicker wpforms-field-required\" data-time-format=\"H:i\" data-step=\"60\" data-rule-time24h=\"true\" data-min-time=\"07:00\" data-max-time=\"22:00\" data-rule-time-limit=\"true\" name=\"wpforms[fields][5][time]\" placeholder=\"Tid\" aria-errormessage=\"wpforms-820-field_5-time-error\" required><label for=\"wpforms-820-field_5-time\" class=\"wpforms-field-sublabel after wpforms-sublabel-hide\">Time<\/label><\/div><\/div><\/fieldset><\/div><div id=\"wpforms-820-field_6-container\" class=\"wpforms-field wpforms-field-text\" data-field-id=\"6\"><label class=\"wpforms-field-label wpforms-label-hide\" for=\"wpforms-820-field_6\" aria-hidden=\"false\">Antal g\u00e4ster <span class=\"wpforms-required-label\" aria-hidden=\"true\">*<\/span><\/label><input type=\"text\" id=\"wpforms-820-field_6\" class=\"wpforms-field-large wpforms-field-required\" name=\"wpforms[fields][6]\" placeholder=\"Antal g\u00e4ster\" aria-errormessage=\"wpforms-820-field_6-error\" required><\/div><div id=\"wpforms-820-field_7-container\" class=\"wpforms-field wpforms-field-textarea\" data-field-id=\"7\"><label class=\"wpforms-field-label wpforms-label-hide\" for=\"wpforms-820-field_7\" aria-hidden=\"false\">\u00d6vrig praktisk information<\/label><textarea id=\"wpforms-820-field_7\" class=\"wpforms-field-small\" name=\"wpforms[fields][7]\" placeholder=\"\u00d6vrig praktisk information\" aria-errormessage=\"wpforms-820-field_7-error\" ><\/textarea><\/div><script>\n\t\t\t\t( function() {\n\t\t\t\t\tconst style = document.createElement( 'style' );\n\t\t\t\t\tstyle.appendChild( document.createTextNode( '#wpforms-820-field_4-container { position: absolute !important; overflow: hidden !important; display: inline !important; height: 1px !important; width: 1px !important; z-index: -1000 !important; padding: 0 !important; } #wpforms-820-field_4-container input { visibility: hidden; } #wpforms-conversational-form-page #wpforms-820-field_4-container label { counter-increment: none; }' ) );\n\t\t\t\t\tdocument.head.appendChild( style );\n\t\t\t\t\tdocument.currentScript?.remove();\n\t\t\t\t} )();\n\t\t\t<\/script><\/div><!-- .wpforms-field-container --><div class=\"wpforms-submit-container\" ><input type=\"hidden\" name=\"wpforms[id]\" value=\"820\"><input type=\"hidden\" name=\"page_title\" value=\"\"><input type=\"hidden\" name=\"page_url\" value=\"https:\/\/fiskekrogen.se\/en\/wp-json\/wp\/v2\/pages\/1349\"><input type=\"hidden\" name=\"url_referer\" value=\"\"><button type=\"submit\" name=\"wpforms[submit]\" id=\"wpforms-submit-820\" class=\"wpforms-submit\" data-alt-text=\"SKICKAR \u2026\" data-submit-text=\"SKICKAR\" aria-live=\"assertive\" value=\"wpforms-submit\">SKICKAR<\/button><img loading=\"lazy\" decoding=\"async\" src=\"https:\/\/fiskekrogen.se\/wp-content\/plugins\/wpforms\/assets\/images\/submit-spin.svg\" class=\"wpforms-submit-spinner\" style=\"display: none;\" width=\"26\" height=\"26\" alt=\"Loading\"><\/div><\/form><\/div>  <!-- .wpforms-container -->\n\n      <\/div>\n  <\/section>\n  <section class=\"fk-konferens-cta\">\n    <h2 class=\"fk-konferens-cta-title\">Questions about your booking?<\/h2>\n    <p class=\"fk-konferens-cta-sub\">031-10 10 05 \u2013 info@fiskekrogen.se<\/p>\n    <a href=\"https:\/\/fiskekrogen.se\/en\/contact\/\" class=\"fk-btn\">Contact us<\/a>\n  <\/section>\n\n\n  <script>\n    document.querySelectorAll('.fk-konferens-carousel').forEach(carousel => {\n      const track  = carousel.querySelector('.fk-konferens-carousel-track');\n      const slides = carousel.querySelectorAll('.fk-konferens-carousel-slide');\n      const dots   = carousel.querySelectorAll('.fk-konferens-carousel-dot');\n      const prev   = carousel.querySelector('.fk-konferens-carousel-btn--prev');\n      const next   = carousel.querySelector('.fk-konferens-carousel-btn--next');\n      let current  = 0;\n\n      function goTo(index) {\n        current = (index + slides.length) % slides.length;\n        track.style.transform = `translateX(-${current * 100}%)`;\n        dots.forEach((d, i) => d.classList.toggle('is-active', i === current));\n      }\n\n      prev.addEventListener('click', () => goTo(current - 1));\n      next.addEventListener('click', () => goTo(current + 1));\n      dots.forEach((dot, i) => dot.addEventListener('click', () => goTo(i)));\n\n      \/\/ Autoplay\n      setInterval(() => goTo(current + 1), 5000);\n    });\n  <\/script>\n\n\n\n<style>.fk-konferens-carousel.chambree {\n  position: relative;\n  overflow: hidden;\n  height: 460px; \/* justera efter vad som ser bra ut *\/\n}\n\n.fk-konferens-carousel-slide.chambree {\n  flex-shrink: 0;\n  width: 100%;\n  height: 100%;\n}\n\n.fk-konferens-carousel-slide.chambree img {\n  width: 100%;\n  height: 100%;\n  object-fit: cover;\n  object-position: center;\n  display: block;\n}\n<\/style>\n","protected":false},"excerpt":{"rendered":"<p>Exclusive Rooms Chambre s\u00e8par\u00e9e Fiskekrogen\u2019s chambre s\u00e9par\u00e9e offers private dining rooms in central Gothenburg \u2013 perfect for corporate dinners, private celebrations, and exclusive gatherings. The rooms are located in the restaurant\u2019s historic premises at Lilla Torget. We offer tailored food and beverage packages for all bookings. Contact us for more information or fill in the [&hellip;]<\/p>\n","protected":false},"author":2,"featured_media":0,"parent":0,"menu_order":0,"comment_status":"closed","ping_status":"closed","template":"","meta":{"_acf_changed":false,"footnotes":""},"class_list":["post-1349","page","type-page","status-publish","hentry"],"acf":[],"yoast_head":"<!-- This site is optimized with the Yoast SEO plugin v27.5 - https:\/\/yoast.com\/product\/yoast-seo-wordpress\/ -->\n<title>Chambre s\u00e8par\u00e9e - Fiskekrogen<\/title>\n<meta name=\"description\" content=\"Book a private room at Fiskekrogen. Bl\u00e5s seats up to 28 guests and Kajutan up to 55 \u2013 perfect for business dinners and private celebrations.\" \/>\n<meta name=\"robots\" content=\"index, follow, max-snippet:-1, max-image-preview:large, max-video-preview:-1\" \/>\n<link rel=\"canonical\" href=\"https:\/\/fiskekrogen.se\/en\/chambre-separee\/\" \/>\n<meta property=\"og:locale\" content=\"en_US\" \/>\n<meta property=\"og:type\" content=\"article\" \/>\n<meta property=\"og:title\" content=\"Chambre s\u00e8par\u00e9e - Fiskekrogen\" \/>\n<meta property=\"og:description\" content=\"Book a private room at Fiskekrogen. Bl\u00e5s seats up to 28 guests and Kajutan up to 55 \u2013 perfect for business dinners and private celebrations.\" \/>\n<meta property=\"og:url\" content=\"https:\/\/fiskekrogen.se\/en\/chambre-separee\/\" \/>\n<meta property=\"og:site_name\" content=\"Fiskekrogen\" \/>\n<meta property=\"article:publisher\" content=\"https:\/\/www.facebook.com\/Fiskekrogen\/\" \/>\n<meta property=\"article:modified_time\" content=\"2026-04-15T06:12:10+00:00\" \/>\n<meta property=\"og:image\" content=\"https:\/\/fiskekrogen.se\/wp-content\/uploads\/2026\/03\/IMG_5420-2.webp\" \/>\n<meta name=\"twitter:card\" content=\"summary_large_image\" \/>\n<meta name=\"twitter:label1\" content=\"Est. reading time\" \/>\n\t<meta name=\"twitter:data1\" content=\"2 minutes\" \/>\n<script type=\"application\/ld+json\" class=\"yoast-schema-graph\">{\"@context\":\"https:\\\/\\\/schema.org\",\"@graph\":[{\"@type\":\"WebPage\",\"@id\":\"https:\\\/\\\/fiskekrogen.se\\\/en\\\/chambre-separee\\\/\",\"url\":\"https:\\\/\\\/fiskekrogen.se\\\/en\\\/chambre-separee\\\/\",\"name\":\"Chambre s\u00e8par\u00e9e - Fiskekrogen\",\"isPartOf\":{\"@id\":\"https:\\\/\\\/fiskekrogen.se\\\/#website\"},\"primaryImageOfPage\":{\"@id\":\"https:\\\/\\\/fiskekrogen.se\\\/en\\\/chambre-separee\\\/#primaryimage\"},\"image\":{\"@id\":\"https:\\\/\\\/fiskekrogen.se\\\/en\\\/chambre-separee\\\/#primaryimage\"},\"thumbnailUrl\":\"https:\\\/\\\/fiskekrogen.se\\\/wp-content\\\/uploads\\\/2026\\\/03\\\/IMG_5420-2.webp\",\"datePublished\":\"2026-03-26T14:50:09+00:00\",\"dateModified\":\"2026-04-15T06:12:10+00:00\",\"description\":\"Book a private room at Fiskekrogen. Bl\u00e5s seats up to 28 guests and Kajutan up to 55 \u2013 perfect for business dinners and private celebrations.\",\"breadcrumb\":{\"@id\":\"https:\\\/\\\/fiskekrogen.se\\\/en\\\/chambre-separee\\\/#breadcrumb\"},\"inLanguage\":\"en-US\",\"potentialAction\":[{\"@type\":\"ReadAction\",\"target\":[\"https:\\\/\\\/fiskekrogen.se\\\/en\\\/chambre-separee\\\/\"]}]},{\"@type\":\"ImageObject\",\"inLanguage\":\"en-US\",\"@id\":\"https:\\\/\\\/fiskekrogen.se\\\/en\\\/chambre-separee\\\/#primaryimage\",\"url\":\"https:\\\/\\\/fiskekrogen.se\\\/wp-content\\\/uploads\\\/2026\\\/03\\\/IMG_5420-2.webp\",\"contentUrl\":\"https:\\\/\\\/fiskekrogen.se\\\/wp-content\\\/uploads\\\/2026\\\/03\\\/IMG_5420-2.webp\"},{\"@type\":\"BreadcrumbList\",\"@id\":\"https:\\\/\\\/fiskekrogen.se\\\/en\\\/chambre-separee\\\/#breadcrumb\",\"itemListElement\":[{\"@type\":\"ListItem\",\"position\":1,\"name\":\"Hem\",\"item\":\"https:\\\/\\\/fiskekrogen.se\\\/en\\\/\"},{\"@type\":\"ListItem\",\"position\":2,\"name\":\"Chambre s\u00e8par\u00e9e\"}]},{\"@type\":\"WebSite\",\"@id\":\"https:\\\/\\\/fiskekrogen.se\\\/#website\",\"url\":\"https:\\\/\\\/fiskekrogen.se\\\/\",\"name\":\"Fiskekrogen\",\"description\":\"The best from the sea\",\"publisher\":{\"@id\":\"https:\\\/\\\/fiskekrogen.se\\\/#organization\"},\"potentialAction\":[{\"@type\":\"SearchAction\",\"target\":{\"@type\":\"EntryPoint\",\"urlTemplate\":\"https:\\\/\\\/fiskekrogen.se\\\/?s={search_term_string}\"},\"query-input\":{\"@type\":\"PropertyValueSpecification\",\"valueRequired\":true,\"valueName\":\"search_term_string\"}}],\"inLanguage\":\"en-US\"},{\"@type\":\"Organization\",\"@id\":\"https:\\\/\\\/fiskekrogen.se\\\/#organization\",\"name\":\"Fiskekrogen\",\"url\":\"https:\\\/\\\/fiskekrogen.se\\\/\",\"logo\":{\"@type\":\"ImageObject\",\"inLanguage\":\"en-US\",\"@id\":\"https:\\\/\\\/fiskekrogen.se\\\/#\\\/schema\\\/logo\\\/image\\\/\",\"url\":\"https:\\\/\\\/fiskekrogen.se\\\/wp-content\\\/uploads\\\/2026\\\/02\\\/Fiskekrogen-logo-guld.svg\",\"contentUrl\":\"https:\\\/\\\/fiskekrogen.se\\\/wp-content\\\/uploads\\\/2026\\\/02\\\/Fiskekrogen-logo-guld.svg\",\"caption\":\"Fiskekrogen\"},\"image\":{\"@id\":\"https:\\\/\\\/fiskekrogen.se\\\/#\\\/schema\\\/logo\\\/image\\\/\"},\"sameAs\":[\"https:\\\/\\\/www.facebook.com\\\/Fiskekrogen\\\/\",\"https:\\\/\\\/www.instagram.com\\\/fiskekrogengbg\\\/\"]}]}<\/script>\n<!-- \/ Yoast SEO plugin. -->","yoast_head_json":{"title":"Chambre s\u00e8par\u00e9e - Fiskekrogen","description":"Book a private room at Fiskekrogen. Bl\u00e5s seats up to 28 guests and Kajutan up to 55 \u2013 perfect for business dinners and private celebrations.","robots":{"index":"index","follow":"follow","max-snippet":"max-snippet:-1","max-image-preview":"max-image-preview:large","max-video-preview":"max-video-preview:-1"},"canonical":"https:\/\/fiskekrogen.se\/en\/chambre-separee\/","og_locale":"en_US","og_type":"article","og_title":"Chambre s\u00e8par\u00e9e - Fiskekrogen","og_description":"Book a private room at Fiskekrogen. Bl\u00e5s seats up to 28 guests and Kajutan up to 55 \u2013 perfect for business dinners and private celebrations.","og_url":"https:\/\/fiskekrogen.se\/en\/chambre-separee\/","og_site_name":"Fiskekrogen","article_publisher":"https:\/\/www.facebook.com\/Fiskekrogen\/","article_modified_time":"2026-04-15T06:12:10+00:00","og_image":[{"url":"https:\/\/fiskekrogen.se\/wp-content\/uploads\/2026\/03\/IMG_5420-2.webp","type":"","width":"","height":""}],"twitter_card":"summary_large_image","twitter_misc":{"Est. reading time":"2 minutes"},"schema":{"@context":"https:\/\/schema.org","@graph":[{"@type":"WebPage","@id":"https:\/\/fiskekrogen.se\/en\/chambre-separee\/","url":"https:\/\/fiskekrogen.se\/en\/chambre-separee\/","name":"Chambre s\u00e8par\u00e9e - Fiskekrogen","isPartOf":{"@id":"https:\/\/fiskekrogen.se\/#website"},"primaryImageOfPage":{"@id":"https:\/\/fiskekrogen.se\/en\/chambre-separee\/#primaryimage"},"image":{"@id":"https:\/\/fiskekrogen.se\/en\/chambre-separee\/#primaryimage"},"thumbnailUrl":"https:\/\/fiskekrogen.se\/wp-content\/uploads\/2026\/03\/IMG_5420-2.webp","datePublished":"2026-03-26T14:50:09+00:00","dateModified":"2026-04-15T06:12:10+00:00","description":"Book a private room at Fiskekrogen. Bl\u00e5s seats up to 28 guests and Kajutan up to 55 \u2013 perfect for business dinners and private celebrations.","breadcrumb":{"@id":"https:\/\/fiskekrogen.se\/en\/chambre-separee\/#breadcrumb"},"inLanguage":"en-US","potentialAction":[{"@type":"ReadAction","target":["https:\/\/fiskekrogen.se\/en\/chambre-separee\/"]}]},{"@type":"ImageObject","inLanguage":"en-US","@id":"https:\/\/fiskekrogen.se\/en\/chambre-separee\/#primaryimage","url":"https:\/\/fiskekrogen.se\/wp-content\/uploads\/2026\/03\/IMG_5420-2.webp","contentUrl":"https:\/\/fiskekrogen.se\/wp-content\/uploads\/2026\/03\/IMG_5420-2.webp"},{"@type":"BreadcrumbList","@id":"https:\/\/fiskekrogen.se\/en\/chambre-separee\/#breadcrumb","itemListElement":[{"@type":"ListItem","position":1,"name":"Hem","item":"https:\/\/fiskekrogen.se\/en\/"},{"@type":"ListItem","position":2,"name":"Chambre s\u00e8par\u00e9e"}]},{"@type":"WebSite","@id":"https:\/\/fiskekrogen.se\/#website","url":"https:\/\/fiskekrogen.se\/","name":"Fiskekrogen","description":"The best from the sea","publisher":{"@id":"https:\/\/fiskekrogen.se\/#organization"},"potentialAction":[{"@type":"SearchAction","target":{"@type":"EntryPoint","urlTemplate":"https:\/\/fiskekrogen.se\/?s={search_term_string}"},"query-input":{"@type":"PropertyValueSpecification","valueRequired":true,"valueName":"search_term_string"}}],"inLanguage":"en-US"},{"@type":"Organization","@id":"https:\/\/fiskekrogen.se\/#organization","name":"Fiskekrogen","url":"https:\/\/fiskekrogen.se\/","logo":{"@type":"ImageObject","inLanguage":"en-US","@id":"https:\/\/fiskekrogen.se\/#\/schema\/logo\/image\/","url":"https:\/\/fiskekrogen.se\/wp-content\/uploads\/2026\/02\/Fiskekrogen-logo-guld.svg","contentUrl":"https:\/\/fiskekrogen.se\/wp-content\/uploads\/2026\/02\/Fiskekrogen-logo-guld.svg","caption":"Fiskekrogen"},"image":{"@id":"https:\/\/fiskekrogen.se\/#\/schema\/logo\/image\/"},"sameAs":["https:\/\/www.facebook.com\/Fiskekrogen\/","https:\/\/www.instagram.com\/fiskekrogengbg\/"]}]}},"_links":{"self":[{"href":"https:\/\/fiskekrogen.se\/en\/wp-json\/wp\/v2\/pages\/1349","targetHints":{"allow":["GET"]}}],"collection":[{"href":"https:\/\/fiskekrogen.se\/en\/wp-json\/wp\/v2\/pages"}],"about":[{"href":"https:\/\/fiskekrogen.se\/en\/wp-json\/wp\/v2\/types\/page"}],"author":[{"embeddable":true,"href":"https:\/\/fiskekrogen.se\/en\/wp-json\/wp\/v2\/users\/2"}],"replies":[{"embeddable":true,"href":"https:\/\/fiskekrogen.se\/en\/wp-json\/wp\/v2\/comments?post=1349"}],"version-history":[{"count":6,"href":"https:\/\/fiskekrogen.se\/en\/wp-json\/wp\/v2\/pages\/1349\/revisions"}],"predecessor-version":[{"id":1526,"href":"https:\/\/fiskekrogen.se\/en\/wp-json\/wp\/v2\/pages\/1349\/revisions\/1526"}],"wp:attachment":[{"href":"https:\/\/fiskekrogen.se\/en\/wp-json\/wp\/v2\/media?parent=1349"}],"curies":[{"name":"wp","href":"https:\/\/api.w.org\/{rel}","templated":true}]}}