{"id":1458,"date":"2026-04-07T11:19:51","date_gmt":"2026-04-07T11:19:51","guid":{"rendered":"https:\/\/dev.fiskekrogen.se\/qa\/"},"modified":"2026-04-15T06:25:14","modified_gmt":"2026-04-15T06:25:14","slug":"qa","status":"publish","type":"page","link":"https:\/\/fiskekrogen.se\/en\/qa\/","title":{"rendered":"Q&amp;A"},"content":{"rendered":"\n<section class=\"fk-qa-header\">\n    <div class=\"fk-qa-header-inner\">\n      <p class=\"fk-eyebrow\">Fiskekrogen<\/p>\n      <h1 class=\"fk-qa-header-title\">Frequently asked questions<\/h1>\n      <p class=\"fk-qa-header-lead\">\n Below you can find the answers to our most frequently asked questions. If you have any questions that are not answered below, please feel free to contact us at \n<a href=\"mailto:info@fiskekrogen.se\" class=\"fk-text-link\">info@fiskekrogen.se<\/a>\nor call <a href=\"tel:031101005\" class=\"fk-text-link\">031-10 10 05<\/a>.\n      <\/p>\n    <\/div>\n  <\/section>\n \n \n\n  <section class=\"fk-qa-list\">\n    <div class=\"fk-qa-list-inner\">\n \n      <!-- Betalning -->\n      <div class=\"fk-qa-item\" id=\"betalning\">\n        <button class=\"fk-qa-question\" aria-expanded=\"false\">\n          <span class=\"fk-qa-question-text\">What forms of payment do you accept?<\/span>\n          <span class=\"fk-qa-question-icon\">\n            <svg viewbox=\"0 0 12 12\" fill=\"none\" xmlns=\"http:\/\/www.w3.org\/2000\/svg\">\n              <line x1=\"6\" y1=\"0\" x2=\"6\" y2=\"12\" stroke=\"currentColor\" stroke-width=\"1.5\"><\/line>\n              <line x1=\"0\" y1=\"6\" x2=\"12\" y2=\"6\" stroke=\"currentColor\" stroke-width=\"1.5\"><\/line>\n            <\/svg>\n          <\/span>\n        <\/button>\n        <div class=\"fk-qa-answer\">\n          <div class=\"fk-qa-answer-inner\">\n            <div class=\"fk-qa-answer-body\">\n              <p><strong>CARD PAYMENTS<\/strong><\/p>\n              <p>We accept VISA, MasterCard, and American Express.<\/p>\n              <div class=\"fk-qa-cards-logos\">\n                <img decoding=\"async\" src=\"https:\/\/fiskekrogen.se\/wp-content\/uploads\/2026\/04\/fiskekrogen-kreditkort-300x44-1.png\" alt=\"VISA, MasterCard och American Express\"\/>\n              <\/div>\n              <p><strong>Gift cards<\/strong><\/p>\n              <p>You can pay with gift cards purchased either in our online shop or in the restaurant.<\/p>\n            <\/div>\n          <\/div>\n        <\/div>\n      <\/div>\n \n      <!-- Bokning -->\n      <div class=\"fk-qa-item\" id=\"bokning\">\n        <button class=\"fk-qa-question\" aria-expanded=\"false\">\n          <span class=\"fk-qa-question-text\">Do I need to book a table in advance?<\/span>\n          <span class=\"fk-qa-question-icon\">\n            <svg viewbox=\"0 0 12 12\" fill=\"none\" xmlns=\"http:\/\/www.w3.org\/2000\/svg\">\n              <line x1=\"6\" y1=\"0\" x2=\"6\" y2=\"12\" stroke=\"currentColor\" stroke-width=\"1.5\"><\/line>\n              <line x1=\"0\" y1=\"6\" x2=\"12\" y2=\"6\" stroke=\"currentColor\" stroke-width=\"1.5\"><\/line>\n            <\/svg>\n          <\/span>\n        <\/button>\n        <div class=\"fk-qa-answer\">\n          <div class=\"fk-qa-answer-inner\">\n            <div class=\"fk-qa-answer-body\">\n              <p>Hos oss har vi drop-in i m\u00e5n av plats men du kan ocks\u00e5 smidigt boka bord online h\u00e4r f\u00f6r dig och ditt s\u00e4llskap. Are you a party of eight or more? Is it less than 12 hours until you wish to visit us? Then we would be happy for you to call us on +46 (0)31-10 10 05 instead.<\/p>\n            <\/div>\n          <\/div>\n        <\/div>\n      <\/div>\n \n      <!-- Mat -->\n      <div class=\"fk-qa-item\" id=\"mat\">\n        <button class=\"fk-qa-question\" aria-expanded=\"false\">\n          <span class=\"fk-qa-question-text\">Do you offer lactose-free or vegetarian alternatives?<\/span>\n          <span class=\"fk-qa-question-icon\">\n            <svg viewbox=\"0 0 12 12\" fill=\"none\" xmlns=\"http:\/\/www.w3.org\/2000\/svg\">\n              <line x1=\"6\" y1=\"0\" x2=\"6\" y2=\"12\" stroke=\"currentColor\" stroke-width=\"1.5\"><\/line>\n              <line x1=\"0\" y1=\"6\" x2=\"12\" y2=\"6\" stroke=\"currentColor\" stroke-width=\"1.5\"><\/line>\n            <\/svg>\n          <\/span>\n        <\/button>\n        <div class=\"fk-qa-answer\">\n          <div class=\"fk-qa-answer-inner\">\n            <div class=\"fk-qa-answer-body\">\n              <p>Contact us in advance so we can arrange everything according to your needs and preferences.<\/p>\n            <\/div>\n          <\/div>\n        <\/div>\n      <\/div>\n \n      <!-- MSC -->\n      <div class=\"fk-qa-item\">\n        <button class=\"fk-qa-question\" aria-expanded=\"false\">\n          <span class=\"fk-qa-question-text\">Har ni MSC-m\u00e4rkt fisk?<\/span>\n          <span class=\"fk-qa-question-icon\">\n            <svg viewbox=\"0 0 12 12\" fill=\"none\" xmlns=\"http:\/\/www.w3.org\/2000\/svg\">\n              <line x1=\"6\" y1=\"0\" x2=\"6\" y2=\"12\" stroke=\"currentColor\" stroke-width=\"1.5\"><\/line>\n              <line x1=\"0\" y1=\"6\" x2=\"12\" y2=\"6\" stroke=\"currentColor\" stroke-width=\"1.5\"><\/line>\n            <\/svg>\n          <\/span>\n        <\/button>\n        <div class=\"fk-qa-answer\">\n          <div class=\"fk-qa-answer-inner\">\n            <div class=\"fk-qa-answer-body\">\n              <p>Yes, we do.<\/p>\n            <\/div>\n          <\/div>\n        <\/div>\n      <\/div>\n \n      <!-- Take away -->\n      <div class=\"fk-qa-item\">\n        <button class=\"fk-qa-question\" aria-expanded=\"false\">\n          <span class=\"fk-qa-question-text\">Can we buy take away?<\/span>\n          <span class=\"fk-qa-question-icon\">\n            <svg viewbox=\"0 0 12 12\" fill=\"none\" xmlns=\"http:\/\/www.w3.org\/2000\/svg\">\n              <line x1=\"6\" y1=\"0\" x2=\"6\" y2=\"12\" stroke=\"currentColor\" stroke-width=\"1.5\"><\/line>\n              <line x1=\"0\" y1=\"6\" x2=\"12\" y2=\"6\" stroke=\"currentColor\" stroke-width=\"1.5\"><\/line>\n            <\/svg>\n          <\/span>\n        <\/button>\n        <div class=\"fk-qa-answer\">\n          <div class=\"fk-qa-answer-inner\">\n            <div class=\"fk-qa-answer-body\">\n              <p>We offer both take-away and catering to suit your needs. Come to the restaurant and pick up your food, already plated and ready to serve. If you would also like help with everything from tablecloths to serving and dishwashing afterwards, we are happy to arrange this.<\/p>\n              <p><a href=\"https:\/\/fiskekrogen.se\/en\/take-away\/\" class=\"fk-text-link\">Click here to see our take-away and catering menu<\/a><\/p>\n            <\/div>\n          <\/div>\n        <\/div>\n      <\/div>\n \n      <!-- Praktiskt -->\n      <div class=\"fk-qa-item\" id=\"praktiskt\">\n        <button class=\"fk-qa-question\" aria-expanded=\"false\">\n          <span class=\"fk-qa-question-text\">Are there parking facilities nearby?<\/span>\n          <span class=\"fk-qa-question-icon\">\n            <svg viewbox=\"0 0 12 12\" fill=\"none\" xmlns=\"http:\/\/www.w3.org\/2000\/svg\">\n              <line x1=\"6\" y1=\"0\" x2=\"6\" y2=\"12\" stroke=\"currentColor\" stroke-width=\"1.5\"><\/line>\n              <line x1=\"0\" y1=\"6\" x2=\"12\" y2=\"6\" stroke=\"currentColor\" stroke-width=\"1.5\"><\/line>\n            <\/svg>\n          <\/span>\n        <\/button>\n        <div class=\"fk-qa-answer\">\n          <div class=\"fk-qa-answer-inner\">\n            <div class=\"fk-qa-answer-body\">\n              <p>You can park right outside Fiskekrogen at the back entrance, at P-hus Kungsgaraget, and at Casino Cosmopol Gothenburg.<\/p>\n            <\/div>\n          <\/div>\n        <\/div>\n      <\/div>\n \n      <!-- Rullstol -->\n      <div class=\"fk-qa-item\">\n        <button class=\"fk-qa-question\" aria-expanded=\"false\">\n          <span class=\"fk-qa-question-text\">Is the restaurant wheelchair-accessible?<\/span>\n          <span class=\"fk-qa-question-icon\">\n            <svg viewbox=\"0 0 12 12\" fill=\"none\" xmlns=\"http:\/\/www.w3.org\/2000\/svg\">\n              <line x1=\"6\" y1=\"0\" x2=\"6\" y2=\"12\" stroke=\"currentColor\" stroke-width=\"1.5\"><\/line>\n              <line x1=\"0\" y1=\"6\" x2=\"12\" y2=\"6\" stroke=\"currentColor\" stroke-width=\"1.5\"><\/line>\n            <\/svg>\n          <\/span>\n        <\/button>\n        <div class=\"fk-qa-answer\">\n          <div class=\"fk-qa-answer-inner\">\n            <div class=\"fk-qa-answer-body\">\n              <p>We have ramps available, and our cloakroom staff will be happy to assist you with them.<\/p>\n            <\/div>\n          <\/div>\n        <\/div>\n      <\/div>\n \n      <!-- GDPR -->\n      <div class=\"fk-qa-item\">\n        <button class=\"fk-qa-question\" aria-expanded=\"false\">\n          <span class=\"fk-qa-question-text\">Information about GDPR<\/span>\n          <span class=\"fk-qa-question-icon\">\n            <svg viewbox=\"0 0 12 12\" fill=\"none\" xmlns=\"http:\/\/www.w3.org\/2000\/svg\">\n              <line x1=\"6\" y1=\"0\" x2=\"6\" y2=\"12\" stroke=\"currentColor\" stroke-width=\"1.5\"><\/line>\n              <line x1=\"0\" y1=\"6\" x2=\"12\" y2=\"6\" stroke=\"currentColor\" stroke-width=\"1.5\"><\/line>\n            <\/svg>\n          <\/span>\n        <\/button>\n        <div class=\"fk-qa-answer\">\n          <div class=\"fk-qa-answer-inner\">\n            <div class=\"fk-qa-answer-body\">\n              <p>You can read about our privacy policy <a href=\"https:\/\/fiskekrogen.se\/wp-content\/uploads\/2026\/04\/INTEGRITETSPOLICY-Fiskekrogen.pdfy\" class=\"fk-text-link\">here.<\/a><\/p>\n            <\/div>\n          <\/div>\n        <\/div>\n      <\/div>\n \n    <\/div>\n  <\/section>\n \n \n \n \n  <script>\n    document.querySelectorAll('.fk-qa-question').forEach(btn => {\n      btn.addEventListener('click', () => {\n        const item = btn.closest('.fk-qa-item');\n        const isOpen = item.classList.contains('is-open');\n \n        \/\/ St\u00e4ng alla\n        document.querySelectorAll('.fk-qa-item').forEach(i => {\n          i.classList.remove('is-open');\n          i.querySelector('.fk-qa-question').setAttribute('aria-expanded', 'false');\n        });\n \n        \/\/ \u00d6ppna klickad om den var st\u00e4ngd\n        if (!isOpen) {\n          item.classList.add('is-open');\n          btn.setAttribute('aria-expanded', 'true');\n        }\n      });\n    });\n  <\/script>\n\n\n\n<style>.fk-qa-header {\n      background: var(--fk-white);\n      padding: 120px 24px 70px;\n      text-align: center;\n    }\n \n    .fk-qa-header-inner {\n      max-width: 680px;\n      margin: 0 auto;\n      padding-bottom: 10px;\n    }\n \n    .fk-qa-header .fk-eyebrow {\n      margin-bottom: 16px;\n    }\n \n    .fk-qa-header-title {\n      font-size: clamp(28px, 4vw, 44px);\n      font-weight: 500;\n      letter-spacing: .01em;\n      color: var(--fk-ink);\n      line-height: 1.05;\n      margin-bottom: 20px;\n      margin-top: 17px;\n    }\n \n    .fk-qa-header-lead {\n      font-size: 14.5px;\n      color: var(--fk-ink-light);\n      line-height: 1.85;\n      max-width: 560px;\n      margin: 0 auto;\n    }\n \n\n \n    .fk-qa-list {\n      background: var(--fk-marble);\n      padding: 70px 24px;\n    }\n \n    .fk-qa-list-inner {\n      max-width: 760px;\n      margin: 0 auto;\n    }\n.fk-qa-cards-logos img {\n  height: 32px;\n  width: auto;\n  display: block;\n  filter: brightness(0.5);\n}\n\n    .fk-qa-item {\n      border-bottom: 1px solid var(--fk-sand);\n    }\n \n    .fk-qa-item:first-child {\n      border-top: 1px solid var(--fk-sand);\n    }\n \n    .fk-qa-question {\n      width: 100%;\n      background: none;\n      border: none;\n      padding: 24px 0;\n      display: flex;\n      align-items: center;\n      justify-content: space-between;\n      gap: 24px;\n      cursor: pointer;\n      text-align: left;\n    }\n \n    .fk-qa-question-text {\ncolor: black;\n    font-family: 'Montserrat';\nfont-size: clamp(17px, 2vw, 17px);\n      font-weight: 400;\n    letter-spacing: 1.2px;\n      line-height: 1.3;\n    }\n \n    .fk-qa-question-icon {\n\n      flex-shrink: 0;\n      width: 28px;\n      height: 28px;\n      border-radius: 50%;\n      border: 1px solid var(--fk-sand);\n      display: flex;\n      align-items: center;\n      justify-content: center;\n      transition: background .2s, border-color .2s;\n      color: black;\n    }\n \n    .fk-qa-question-icon svg {\n      width: 12px;\n      height: 12px;\n      transition: transform .3s ease;\n    }\n \n    .fk-qa-item.is-open .fk-qa-question-icon {\n      background: var(--fk-gold);\n      border-color: var(--fk-gold);\n      color: var(--fk-white);\n    }\n \n    .fk-qa-item.is-open .fk-qa-question-icon svg {\n      transform: rotate(45deg);\n    }\n \n    .fk-qa-answer {\n      display: grid;\n      grid-template-rows: 0fr;\n      transition: grid-template-rows .3s ease;\n    }\n \n    .fk-qa-item.is-open .fk-qa-answer {\n      grid-template-rows: 1fr;\n    }\n \n    .fk-qa-answer-inner {\n      overflow: hidden;\n    }\n \n    .fk-qa-answer-body {\n      padding: 0 0 28px;\n    }\n \n    .fk-qa-answer-body p {\n      font-size: 15px;\n      color: var(--fk-ink-light);\n      line-height: 1.85;\n      margin-bottom: 12px;\n    }\n \n    .fk-qa-answer-body p:last-child {\n      margin-bottom: 0;\n    }\n \n    .fk-qa-answer-body strong {\n      font-size: 12px;\n      font-weight: 700;\n      letter-spacing: .14em;\n      text-transform: uppercase;\n      color: var(--fk-ink-mid);\n      display: block;\n      margin-bottom: 6px;\n    }\n \n    .fk-qa-answer-body .fk-qa-cards-logos {\n      display: flex;\n      align-items: center;\n      gap: 16px;\n      margin: 12px 0 20px;\n      opacity: .6;\n      font-size: 13px;\n      font-weight: 500;\n      letter-spacing: .06em;\n    }\n \n    .fk-qa-cta {\n      padding: 80px 24px;\n      text-align: center;\n    }\n \n    .fk-qa-cta .fk-eyebrow {\n      color: var(--fk-gold);\n      margin-bottom: 16px;\n    }\n \n    .fk-qa-cta-title {\n      font-size: clamp(30px, 4vw, 48px);\n      font-weight: 300;\n      letter-spacing: .02em;\n      margin: 8px 0 12px;\n    }\n \n    .fk-qa-cta-sub {\n      font-size: 13px;\n      margin-bottom: 36px;\n      line-height: 1.8;\n    }\n \n    .fk-qa-cta-sub a {\n      color: var(--fk-gold);\n    }\n \n    \/* \u2500\u2500 RESPONSIVT \u2500\u2500\u2500\u2500\u2500\u2500\u2500\u2500\u2500\u2500\u2500\u2500\u2500\u2500\u2500\u2500\u2500\u2500\u2500\u2500\u2500\u2500\u2500\u2500\u2500\u2500\u2500 *\/\n    @media (max-width: 768px) {\n\n.fk-qa-list {\n    padding-top: 20px;\n}\n      :root { --fk-section-v: 64px; }\n \n      .fk-qa-question-text {\n        font-size: 17px;\n      }\n \n      .fk-qa-header-nav {\n        gap: 20px;\n      }\n    }\n \n    @media (max-width: 480px) {\n      :root { --fk-section-v: 52px; }\n    }\n  <\/style>\n\n\n\n<p><\/p>\n","protected":false},"excerpt":{"rendered":"<p>Fiskekrogen Frequently asked questions Below you can find the answers to our most frequently asked questions. If you have any questions that are not answered below, please feel free to contact us at info@fiskekrogen.se or call 031-10 10 05. What forms of payment do you accept? CARD PAYMENTS We accept VISA, MasterCard, and American Express. [&hellip;]<\/p>\n","protected":false},"author":1,"featured_media":0,"parent":0,"menu_order":0,"comment_status":"closed","ping_status":"closed","template":"","meta":{"_acf_changed":false,"footnotes":""},"class_list":["post-1458","page","type-page","status-publish","hentry"],"acf":[],"yoast_head":"<!-- This site is optimized with the Yoast SEO plugin v27.4 - https:\/\/yoast.com\/product\/yoast-seo-wordpress\/ -->\n<title>Q&amp;A - Fiskekrogen<\/title>\n<meta name=\"description\" content=\"Frequently asked questions about Fiskekrogen \u2013 payment, reservations, allergies, parking and more. Can&#039;t find the answer? Contact us directly.\" \/>\n<meta name=\"robots\" content=\"index, follow, max-snippet:-1, max-image-preview:large, max-video-preview:-1\" \/>\n<link rel=\"canonical\" href=\"https:\/\/fiskekrogen.se\/en\/qa\/\" \/>\n<meta property=\"og:locale\" content=\"en_US\" \/>\n<meta property=\"og:type\" content=\"article\" \/>\n<meta property=\"og:title\" content=\"Q&amp;A - Fiskekrogen\" \/>\n<meta property=\"og:description\" content=\"Frequently asked questions about Fiskekrogen \u2013 payment, reservations, allergies, parking and more. Can&#039;t find the answer? Contact us directly.\" \/>\n<meta property=\"og:url\" content=\"https:\/\/fiskekrogen.se\/en\/qa\/\" \/>\n<meta property=\"og:site_name\" content=\"Fiskekrogen\" \/>\n<meta property=\"article:publisher\" content=\"https:\/\/www.facebook.com\/Fiskekrogen\/\" \/>\n<meta property=\"article:modified_time\" content=\"2026-04-15T06:25:14+00:00\" \/>\n<meta property=\"og:image\" content=\"https:\/\/fiskekrogen.se\/wp-content\/uploads\/2026\/03\/FAM1357.jpg\" \/>\n\t<meta property=\"og:image:width\" content=\"1600\" \/>\n\t<meta property=\"og:image:height\" content=\"1322\" \/>\n\t<meta property=\"og:image:type\" content=\"image\/jpeg\" \/>\n<meta name=\"twitter:card\" content=\"summary_large_image\" \/>\n<meta name=\"twitter:label1\" content=\"Est. reading time\" \/>\n\t<meta name=\"twitter:data1\" content=\"2 minutes\" \/>\n<script type=\"application\/ld+json\" class=\"yoast-schema-graph\">{\"@context\":\"https:\\\/\\\/schema.org\",\"@graph\":[{\"@type\":\"WebPage\",\"@id\":\"https:\\\/\\\/fiskekrogen.se\\\/en\\\/qa\\\/\",\"url\":\"https:\\\/\\\/fiskekrogen.se\\\/en\\\/qa\\\/\",\"name\":\"Q&amp;A - Fiskekrogen\",\"isPartOf\":{\"@id\":\"https:\\\/\\\/fiskekrogen.se\\\/#website\"},\"primaryImageOfPage\":{\"@id\":\"https:\\\/\\\/fiskekrogen.se\\\/en\\\/qa\\\/#primaryimage\"},\"image\":{\"@id\":\"https:\\\/\\\/fiskekrogen.se\\\/en\\\/qa\\\/#primaryimage\"},\"thumbnailUrl\":\"https:\\\/\\\/fiskekrogen.se\\\/wp-content\\\/uploads\\\/2026\\\/04\\\/fiskekrogen-kreditkort-300x44-1.png\",\"datePublished\":\"2026-04-07T11:19:51+00:00\",\"dateModified\":\"2026-04-15T06:25:14+00:00\",\"description\":\"Frequently asked questions about Fiskekrogen \u2013 payment, reservations, allergies, parking and more. Can't find the answer? Contact us directly.\",\"breadcrumb\":{\"@id\":\"https:\\\/\\\/fiskekrogen.se\\\/en\\\/qa\\\/#breadcrumb\"},\"inLanguage\":\"en-US\",\"potentialAction\":[{\"@type\":\"ReadAction\",\"target\":[\"https:\\\/\\\/fiskekrogen.se\\\/en\\\/qa\\\/\"]}]},{\"@type\":\"ImageObject\",\"inLanguage\":\"en-US\",\"@id\":\"https:\\\/\\\/fiskekrogen.se\\\/en\\\/qa\\\/#primaryimage\",\"url\":\"https:\\\/\\\/fiskekrogen.se\\\/wp-content\\\/uploads\\\/2026\\\/04\\\/fiskekrogen-kreditkort-300x44-1.png\",\"contentUrl\":\"https:\\\/\\\/fiskekrogen.se\\\/wp-content\\\/uploads\\\/2026\\\/04\\\/fiskekrogen-kreditkort-300x44-1.png\"},{\"@type\":\"BreadcrumbList\",\"@id\":\"https:\\\/\\\/fiskekrogen.se\\\/en\\\/qa\\\/#breadcrumb\",\"itemListElement\":[{\"@type\":\"ListItem\",\"position\":1,\"name\":\"Hem\",\"item\":\"https:\\\/\\\/fiskekrogen.se\\\/en\\\/\"},{\"@type\":\"ListItem\",\"position\":2,\"name\":\"Q&amp;A\"}]},{\"@type\":\"WebSite\",\"@id\":\"https:\\\/\\\/fiskekrogen.se\\\/#website\",\"url\":\"https:\\\/\\\/fiskekrogen.se\\\/\",\"name\":\"Fiskekrogen\",\"description\":\"The best from the sea\",\"publisher\":{\"@id\":\"https:\\\/\\\/fiskekrogen.se\\\/#organization\"},\"potentialAction\":[{\"@type\":\"SearchAction\",\"target\":{\"@type\":\"EntryPoint\",\"urlTemplate\":\"https:\\\/\\\/fiskekrogen.se\\\/?s={search_term_string}\"},\"query-input\":{\"@type\":\"PropertyValueSpecification\",\"valueRequired\":true,\"valueName\":\"search_term_string\"}}],\"inLanguage\":\"en-US\"},{\"@type\":\"Organization\",\"@id\":\"https:\\\/\\\/fiskekrogen.se\\\/#organization\",\"name\":\"Fiskekrogen\",\"url\":\"https:\\\/\\\/fiskekrogen.se\\\/\",\"logo\":{\"@type\":\"ImageObject\",\"inLanguage\":\"en-US\",\"@id\":\"https:\\\/\\\/fiskekrogen.se\\\/#\\\/schema\\\/logo\\\/image\\\/\",\"url\":\"https:\\\/\\\/fiskekrogen.se\\\/wp-content\\\/uploads\\\/2026\\\/02\\\/Fiskekrogen-logo-guld.svg\",\"contentUrl\":\"https:\\\/\\\/fiskekrogen.se\\\/wp-content\\\/uploads\\\/2026\\\/02\\\/Fiskekrogen-logo-guld.svg\",\"caption\":\"Fiskekrogen\"},\"image\":{\"@id\":\"https:\\\/\\\/fiskekrogen.se\\\/#\\\/schema\\\/logo\\\/image\\\/\"},\"sameAs\":[\"https:\\\/\\\/www.facebook.com\\\/Fiskekrogen\\\/\",\"https:\\\/\\\/www.instagram.com\\\/fiskekrogengbg\\\/\"]}]}<\/script>\n<!-- \/ Yoast SEO plugin. -->","yoast_head_json":{"title":"Q&amp;A - Fiskekrogen","description":"Frequently asked questions about Fiskekrogen \u2013 payment, reservations, allergies, parking and more. Can't find the answer? Contact us directly.","robots":{"index":"index","follow":"follow","max-snippet":"max-snippet:-1","max-image-preview":"max-image-preview:large","max-video-preview":"max-video-preview:-1"},"canonical":"https:\/\/fiskekrogen.se\/en\/qa\/","og_locale":"en_US","og_type":"article","og_title":"Q&amp;A - Fiskekrogen","og_description":"Frequently asked questions about Fiskekrogen \u2013 payment, reservations, allergies, parking and more. Can't find the answer? Contact us directly.","og_url":"https:\/\/fiskekrogen.se\/en\/qa\/","og_site_name":"Fiskekrogen","article_publisher":"https:\/\/www.facebook.com\/Fiskekrogen\/","article_modified_time":"2026-04-15T06:25:14+00:00","og_image":[{"width":1600,"height":1322,"url":"https:\/\/fiskekrogen.se\/wp-content\/uploads\/2026\/03\/FAM1357.jpg","type":"image\/jpeg"}],"twitter_card":"summary_large_image","twitter_misc":{"Est. reading time":"2 minutes"},"schema":{"@context":"https:\/\/schema.org","@graph":[{"@type":"WebPage","@id":"https:\/\/fiskekrogen.se\/en\/qa\/","url":"https:\/\/fiskekrogen.se\/en\/qa\/","name":"Q&amp;A - Fiskekrogen","isPartOf":{"@id":"https:\/\/fiskekrogen.se\/#website"},"primaryImageOfPage":{"@id":"https:\/\/fiskekrogen.se\/en\/qa\/#primaryimage"},"image":{"@id":"https:\/\/fiskekrogen.se\/en\/qa\/#primaryimage"},"thumbnailUrl":"https:\/\/fiskekrogen.se\/wp-content\/uploads\/2026\/04\/fiskekrogen-kreditkort-300x44-1.png","datePublished":"2026-04-07T11:19:51+00:00","dateModified":"2026-04-15T06:25:14+00:00","description":"Frequently asked questions about Fiskekrogen \u2013 payment, reservations, allergies, parking and more. Can't find the answer? Contact us directly.","breadcrumb":{"@id":"https:\/\/fiskekrogen.se\/en\/qa\/#breadcrumb"},"inLanguage":"en-US","potentialAction":[{"@type":"ReadAction","target":["https:\/\/fiskekrogen.se\/en\/qa\/"]}]},{"@type":"ImageObject","inLanguage":"en-US","@id":"https:\/\/fiskekrogen.se\/en\/qa\/#primaryimage","url":"https:\/\/fiskekrogen.se\/wp-content\/uploads\/2026\/04\/fiskekrogen-kreditkort-300x44-1.png","contentUrl":"https:\/\/fiskekrogen.se\/wp-content\/uploads\/2026\/04\/fiskekrogen-kreditkort-300x44-1.png"},{"@type":"BreadcrumbList","@id":"https:\/\/fiskekrogen.se\/en\/qa\/#breadcrumb","itemListElement":[{"@type":"ListItem","position":1,"name":"Hem","item":"https:\/\/fiskekrogen.se\/en\/"},{"@type":"ListItem","position":2,"name":"Q&amp;A"}]},{"@type":"WebSite","@id":"https:\/\/fiskekrogen.se\/#website","url":"https:\/\/fiskekrogen.se\/","name":"Fiskekrogen","description":"The best from the sea","publisher":{"@id":"https:\/\/fiskekrogen.se\/#organization"},"potentialAction":[{"@type":"SearchAction","target":{"@type":"EntryPoint","urlTemplate":"https:\/\/fiskekrogen.se\/?s={search_term_string}"},"query-input":{"@type":"PropertyValueSpecification","valueRequired":true,"valueName":"search_term_string"}}],"inLanguage":"en-US"},{"@type":"Organization","@id":"https:\/\/fiskekrogen.se\/#organization","name":"Fiskekrogen","url":"https:\/\/fiskekrogen.se\/","logo":{"@type":"ImageObject","inLanguage":"en-US","@id":"https:\/\/fiskekrogen.se\/#\/schema\/logo\/image\/","url":"https:\/\/fiskekrogen.se\/wp-content\/uploads\/2026\/02\/Fiskekrogen-logo-guld.svg","contentUrl":"https:\/\/fiskekrogen.se\/wp-content\/uploads\/2026\/02\/Fiskekrogen-logo-guld.svg","caption":"Fiskekrogen"},"image":{"@id":"https:\/\/fiskekrogen.se\/#\/schema\/logo\/image\/"},"sameAs":["https:\/\/www.facebook.com\/Fiskekrogen\/","https:\/\/www.instagram.com\/fiskekrogengbg\/"]}]}},"_links":{"self":[{"href":"https:\/\/fiskekrogen.se\/en\/wp-json\/wp\/v2\/pages\/1458","targetHints":{"allow":["GET"]}}],"collection":[{"href":"https:\/\/fiskekrogen.se\/en\/wp-json\/wp\/v2\/pages"}],"about":[{"href":"https:\/\/fiskekrogen.se\/en\/wp-json\/wp\/v2\/types\/page"}],"author":[{"embeddable":true,"href":"https:\/\/fiskekrogen.se\/en\/wp-json\/wp\/v2\/users\/1"}],"replies":[{"embeddable":true,"href":"https:\/\/fiskekrogen.se\/en\/wp-json\/wp\/v2\/comments?post=1458"}],"version-history":[{"count":2,"href":"https:\/\/fiskekrogen.se\/en\/wp-json\/wp\/v2\/pages\/1458\/revisions"}],"predecessor-version":[{"id":1573,"href":"https:\/\/fiskekrogen.se\/en\/wp-json\/wp\/v2\/pages\/1458\/revisions\/1573"}],"wp:attachment":[{"href":"https:\/\/fiskekrogen.se\/en\/wp-json\/wp\/v2\/media?parent=1458"}],"curies":[{"name":"wp","href":"https:\/\/api.w.org\/{rel}","templated":true}]}}