{"id":62,"date":"2019-04-04T14:12:04","date_gmt":"2019-04-04T14:12:04","guid":{"rendered":"https:\/\/fiskekrogen.se\/webbshop\/?post_type=product&#038;p=62"},"modified":"2026-01-20T09:53:58","modified_gmt":"2026-01-20T09:53:58","slug":"presentkort-skaldjursbuffe","status":"publish","type":"product","link":"https:\/\/fiskekrogen.se\/webbshop\/product\/presentkort-skaldjursbuffe\/","title":{"rendered":"PRESENTKORT SKALDJURSBUFF\u00c9"},"content":{"rendered":"<p>Fiskekrogens popul\u00e4ra fisk- &amp; skaldjursbuff\u00e9 f\u00f6r en person. Fredagar mellan 16:00-19:00 och l\u00f6rdagar mellan 12:00-16:00 serveras v\u00e5r mycket popul\u00e4ra fisk- &amp; skaldjursbuff\u00e9. Pinf\u00e4rsk fisk samsas med underbara havskr\u00e4ftor, r\u00e4kor, musslor och mycket annat. OBS! Vid best\u00e4llning av 2 st presentkort skickas 1 kort som g\u00e4ller f\u00f6r 2 personer om inget annat anges av kunden.<\/p>\n","protected":false},"excerpt":{"rendered":"<p>\u00d6ppet belopp som du spenderar p\u00e5 vad du vill fr\u00e5n v\u00e5r meny<\/p>\n","protected":false},"featured_media":941,"template":"","meta":{"inline_featured_image":false,"_themeisle_gutenberg_block_has_review":false},"product_brand":[],"product_cat":[16],"product_tag":[],"class_list":{"0":"post-62","1":"product","2":"type-product","3":"status-publish","4":"has-post-thumbnail","6":"product_cat-presentkort","7":"product_shipping_class-frakt","9":"first","10":"instock","11":"purchasable","12":"product-type-simple"},"bundled_by":[],"bundle_stock_status":"instock","bundle_stock_quantity":null,"bundle_virtual":false,"bundle_layout":"","bundle_add_to_cart_form_location":"","bundle_editable_in_cart":false,"bundle_sold_individually_context":"","bundle_item_grouping":"","bundle_min_size":"","bundle_max_size":"","bundled_items":[],"bundle_sell_ids":[],"_links":{"self":[{"href":"https:\/\/fiskekrogen.se\/webbshop\/wp-json\/wp\/v2\/product\/62","targetHints":{"allow":["GET"]}}],"collection":[{"href":"https:\/\/fiskekrogen.se\/webbshop\/wp-json\/wp\/v2\/product"}],"about":[{"href":"https:\/\/fiskekrogen.se\/webbshop\/wp-json\/wp\/v2\/types\/product"}],"wp:featuredmedia":[{"embeddable":true,"href":"https:\/\/fiskekrogen.se\/webbshop\/wp-json\/wp\/v2\/media\/941"}],"wp:attachment":[{"href":"https:\/\/fiskekrogen.se\/webbshop\/wp-json\/wp\/v2\/media?parent=62"}],"wp:term":[{"taxonomy":"product_brand","embeddable":true,"href":"https:\/\/fiskekrogen.se\/webbshop\/wp-json\/wp\/v2\/product_brand?post=62"},{"taxonomy":"product_cat","embeddable":true,"href":"https:\/\/fiskekrogen.se\/webbshop\/wp-json\/wp\/v2\/product_cat?post=62"},{"taxonomy":"product_tag","embeddable":true,"href":"https:\/\/fiskekrogen.se\/webbshop\/wp-json\/wp\/v2\/product_tag?post=62"}],"curies":[{"name":"wp","href":"https:\/\/api.w.org\/{rel}","templated":true}]}}